{"id":368,"date":"2022-03-09T07:05:16","date_gmt":"2022-03-09T07:05:16","guid":{"rendered":"https:\/\/explore.beatymuseum.ubc.ca\/development\/footprints\/information\/"},"modified":"2024-10-02T22:12:29","modified_gmt":"2024-10-02T22:12:29","slug":"information","status":"publish","type":"page","link":"https:\/\/footprintsintime.ca\/fr\/information\/","title":{"rendered":"Information"},"content":{"rendered":"\n<div class=\"wp-block-group max-w-screen-md mx-auto is-layout-flow wp-block-group-is-layout-flow\">\n<p>Les fossiles de dinosaures se trouvent sur le territoire du Trait\u00e9 num\u00e9ro 8, et nous honorons et reconnaissons les Premi\u00e8res Nations, les M\u00e9tis et les Inuits qui vivent sur ces terres, les parcourent et s\u2019y rassemblent depuis des milliers d\u2019ann\u00e9es.<\/p>\n\n\n\n<p>Le Beaty Biodiversity Museum de l\u2019Universit\u00e9 de la Colombie-Britannique est situ\u00e9 sur le territoire ancestral non c\u00e9d\u00e9 du peuple musqueam. Nous tenons \u00e0 remercier le personnel du mus\u00e9e, les b\u00e9n\u00e9voles et les visiteurs pour leur soutien et leurs commentaires, les familles qui ont consult\u00e9 les versions pr\u00e9liminaires du contenu, et nos collaborateurs au Pacific Museum of Earth. Nous remercions en particulier Kevin Lyseng de l\u2019\u00e9cole primaire W D Ferris \u00e0 Richmond, en Colombie-Britannique, et ses \u00e9l\u00e8ves des ann\u00e9es 2021 et 2022 pour leur participation \u00e0 notre programme de tests utilisateurs.<\/p>\n\n\n\n<p>Ce site pr\u00e9sente plusieurs sp\u00e9cimens de fossiles de la collection du <a href=\"https:\/\/www.trmf.ca\/\">mus\u00e9e Tumbler Ridge.<\/a><\/p>\n\n\n\n<p>Ce projet a \u00e9t\u00e9 r\u00e9alis\u00e9 gr\u00e2ce au programme d\u2019investissement de Mus\u00e9es num\u00e9riques Canada. Mus\u00e9es num\u00e9riques Canada est administr\u00e9 par le Mus\u00e9e canadien de l\u2019histoire avec le soutien financier du gouvernement du Canada. Financement suppl\u00e9mentaire contribu\u00e9 par la Fondation g\u00e9ologique du Canada.<\/p>\n\n\n\n<div style=\"height:20px\" aria-hidden=\"true\" class=\"wp-block-spacer\"><\/div>\n\n\n\n<figure class=\"wp-block-image size-full is-resized\"><img loading=\"lazy\" decoding=\"async\" width=\"1000\" height=\"276\" src=\"https:\/\/footprintsintime.ca\/wp-content\/uploads\/2022\/09\/cfg_logo_final.png\" alt=\"\" class=\"wp-image-798\" style=\"width:285px;height:79px\" srcset=\"https:\/\/footprintsintime.ca\/wp-content\/uploads\/2022\/09\/cfg_logo_final.png 1000w, https:\/\/footprintsintime.ca\/wp-content\/uploads\/2022\/09\/cfg_logo_final-300x83.png 300w, https:\/\/footprintsintime.ca\/wp-content\/uploads\/2022\/09\/cfg_logo_final-768x212.png 768w\" sizes=\"auto, (max-width: 1000px) 100vw, 1000px\" \/><\/figure>\n<\/div>\n\n\n\n<div style=\"height:100px\" aria-hidden=\"true\" class=\"wp-block-spacer\"><\/div>\n\n\n\n<h2 class=\"wp-block-heading\">Cr\u00e9dits<\/h2>\n\n\n\n<div class=\"wp-block-group max-w-screen-md mx-auto is-layout-flow wp-block-group-is-layout-flow\">\n<div style=\"height:50px\" aria-hidden=\"true\" class=\"wp-block-spacer\"><\/div>\n\n\n\n<h2 class=\"wp-block-heading underline has-medium-font-size\" style=\"font-style:normal;font-weight:400\">Beaty Biodiversity Museum<\/h2>\n\n\n\n<div style=\"height:25px\" aria-hidden=\"true\" class=\"wp-block-spacer\"><\/div>\n\n\n\n<div class=\"wp-block-columns is-layout-flex wp-container-core-columns-is-layout-9d6595d7 wp-block-columns-is-layout-flex\">\n<div class=\"wp-block-column is-layout-flow wp-block-column-is-layout-flow\">\n<div class=\"wp-block-group is-layout-flow wp-block-group-is-layout-flow\">\n<p style=\"text-transform:uppercase\">Commissaire et chef de projet<\/p>\n\n\n\n<p>Yukiko Stranger-Galey<\/p>\n\n\n\n<p>Derek Tan<\/p>\n\n\n\n<div style=\"height:26px\" aria-hidden=\"true\" class=\"wp-block-spacer\"><\/div>\n<\/div>\n<\/div>\n\n\n\n<div class=\"wp-block-column is-layout-flow wp-block-column-is-layout-flow\">\n<div class=\"wp-block-group is-layout-flow wp-block-group-is-layout-flow\">\n<p style=\"text-transform:uppercase\">Directrice administrative<\/p>\n\n\n\n<p>Catherine Ouellet-Martin<\/p>\n\n\n\n<div style=\"height:26px\" aria-hidden=\"true\" class=\"wp-block-spacer\"><\/div>\n<\/div>\n<\/div>\n<\/div>\n\n\n\n<div class=\"wp-block-columns is-layout-flex wp-container-core-columns-is-layout-9d6595d7 wp-block-columns-is-layout-flex\">\n<div class=\"wp-block-column is-layout-flow wp-block-column-is-layout-flow\">\n<div class=\"wp-block-group is-layout-flow wp-block-group-is-layout-flow\">\n<p style=\"text-transform:uppercase\">M\u00e9dias num\u00e9riques<\/p>\n\n\n\n<p>Evan Craig<\/p>\n\n\n\n<div style=\"height:26px\" aria-hidden=\"true\" class=\"wp-block-spacer\"><\/div>\n<\/div>\n<\/div>\n\n\n\n<div class=\"wp-block-column is-layout-flow wp-block-column-is-layout-flow\">\n<div class=\"wp-block-group is-layout-flow wp-block-group-is-layout-flow\">\n<p style=\"text-transform:uppercase\">Aide stagiaire<\/p>\n\n\n\n<p>Luna Mortenson<\/p>\n\n\n\n<p>Kate Sotelo<\/p>\n\n\n\n<p>Rachel Roy<\/p>\n\n\n\n<div style=\"height:26px\" aria-hidden=\"true\" class=\"wp-block-spacer\"><\/div>\n<\/div>\n<\/div>\n<\/div>\n\n\n\n<div class=\"wp-block-columns is-layout-flex wp-container-core-columns-is-layout-9d6595d7 wp-block-columns-is-layout-flex\">\n<div class=\"wp-block-column is-layout-flow wp-block-column-is-layout-flow\">\n<div class=\"wp-block-group is-layout-flow wp-block-group-is-layout-flow\">\n<p style=\"text-transform:uppercase\">Enseignement et apprentissage<\/p>\n\n\n\n<p>Jackie Chambers<\/p>\n\n\n\n<p>Nicole Balsdon<\/p>\n\n\n\n<div style=\"height:26px\" aria-hidden=\"true\" class=\"wp-block-spacer\"><\/div>\n<\/div>\n<\/div>\n\n\n\n<div class=\"wp-block-column is-layout-flow wp-block-column-is-layout-flow\">\n<div class=\"wp-block-group is-layout-flow wp-block-group-is-layout-flow\">\n<p style=\"text-transform:uppercase\">collection de t\u00e9trapodes Cowan<\/p>\n\n\n\n<p>Directeur, Dr. Darren Irwin<\/p>\n\n\n\n<p>Conservatrice des collections d&#8217;oiseaux, Ildiko Szabo<\/p>\n\n\n\n<div style=\"height:26px\" aria-hidden=\"true\" class=\"wp-block-spacer\"><\/div>\n<\/div>\n<\/div>\n<\/div>\n\n\n\n<div style=\"height:100px\" aria-hidden=\"true\" class=\"wp-block-spacer\"><\/div>\n\n\n\n<h2 class=\"wp-block-heading underline has-medium-font-size\" style=\"font-style:normal;font-weight:400\">Consultants<\/h2>\n\n\n\n<div style=\"height:25px\" aria-hidden=\"true\" class=\"wp-block-spacer\"><\/div>\n\n\n\n<div class=\"wp-block-columns is-layout-flex wp-container-core-columns-is-layout-9d6595d7 wp-block-columns-is-layout-flex\">\n<div class=\"wp-block-column is-layout-flow wp-block-column-is-layout-flow\">\n<div class=\"wp-block-group is-layout-flow wp-block-group-is-layout-flow\">\n<p style=\"text-transform:uppercase\">Pal\u00e9ontologue<\/p>\n\n\n\n<p>Dr. Lisa Buckley<\/p>\n\n\n\n<p>Dr. Richard McCrea<\/p>\n\n\n\n<div style=\"height:26px\" aria-hidden=\"true\" class=\"wp-block-spacer\"><\/div>\n<\/div>\n<\/div>\n\n\n\n<div class=\"wp-block-column is-layout-flow wp-block-column-is-layout-flow\">\n<div class=\"wp-block-group is-layout-flow wp-block-group-is-layout-flow\">\n<p style=\"text-transform:uppercase\">Traducteur\/Traductrice<\/p>\n\n\n\n<p>Nicholas Mass\u00e9<\/p>\n\n\n\n<p>Marie Maude Polychuck<\/p>\n\n\n\n<div style=\"height:26px\" aria-hidden=\"true\" class=\"wp-block-spacer\"><\/div>\n<\/div>\n<\/div>\n<\/div>\n\n\n\n<div class=\"wp-block-columns is-layout-flex wp-container-core-columns-is-layout-9d6595d7 wp-block-columns-is-layout-flex\">\n<div class=\"wp-block-column is-layout-flow wp-block-column-is-layout-flow\">\n<div class=\"wp-block-group is-layout-flow wp-block-group-is-layout-flow\">\n<p style=\"text-transform:uppercase\">G\u00e9ologue<\/p>\n\n\n\n<p>Sam Shekut<\/p>\n\n\n\n<p>Oc\u00e9ane Horvath<\/p>\n\n\n\n<div style=\"height:26px\" aria-hidden=\"true\" class=\"wp-block-spacer\"><\/div>\n<\/div>\n<\/div>\n\n\n\n<div class=\"wp-block-column is-layout-flow wp-block-column-is-layout-flow\">\n<div class=\"wp-block-group is-layout-flow wp-block-group-is-layout-flow\">\n<p style=\"text-transform:uppercase\">R\u00e9viseure<\/p>\n\n\n\n<p>Marie Maude Polychuck<\/p>\n\n\n\n<div style=\"height:26px\" aria-hidden=\"true\" class=\"wp-block-spacer\"><\/div>\n<\/div>\n<\/div>\n<\/div>\n\n\n\n<div class=\"wp-block-columns is-layout-flex wp-container-core-columns-is-layout-9d6595d7 wp-block-columns-is-layout-flex\">\n<div class=\"wp-block-column is-layout-flow wp-block-column-is-layout-flow\">\n<div class=\"wp-block-group is-layout-flow wp-block-group-is-layout-flow\">\n<p style=\"text-transform:uppercase\">Pacific Museum of Earth<\/p>\n\n\n\n<p>Dr. Kirsten Hodge<\/p>\n\n\n\n<p>Daniel Gowryluk<\/p>\n\n\n\n<div style=\"height:26px\" aria-hidden=\"true\" class=\"wp-block-spacer\"><\/div>\n<\/div>\n<\/div>\n\n\n\n<div class=\"wp-block-column is-layout-flow wp-block-column-is-layout-flow\">\n<div class=\"wp-block-group is-layout-flow wp-block-group-is-layout-flow\">\n<p style=\"text-transform:uppercase\"><\/p>\n\n\n\n<div style=\"height:26px\" aria-hidden=\"true\" class=\"wp-block-spacer\"><\/div>\n<\/div>\n<\/div>\n<\/div>\n\n\n\n<div style=\"height:100px\" aria-hidden=\"true\" class=\"wp-block-spacer\"><\/div>\n\n\n\n<div class=\"wp-block-columns is-layout-flex wp-container-core-columns-is-layout-9d6595d7 wp-block-columns-is-layout-flex\">\n<div class=\"wp-block-column is-layout-flow wp-block-column-is-layout-flow\">\n<div class=\"wp-block-group is-layout-flow wp-block-group-is-layout-flow\">\n<h2 class=\"wp-block-heading underline has-medium-font-size\" style=\"font-style:normal;font-weight:400\">Conception et d\u00e9veloppement web<\/h2>\n\n\n\n<p>ngx Interactive<\/p>\n\n\n\n<div style=\"height:26px\" aria-hidden=\"true\" class=\"wp-block-spacer\"><\/div>\n<\/div>\n<\/div>\n\n\n\n<div class=\"wp-block-column is-layout-flow wp-block-column-is-layout-flow\"><\/div>\n<\/div>\n\n\n\n<p><\/p>\n<\/div>\n","protected":false},"excerpt":{"rendered":"<p>Les fossiles de dinosaures se trouvent sur le territoire du Trait\u00e9 num\u00e9ro 8, et nous honorons et reconnaissons les Premi\u00e8res Nations, les M\u00e9tis et les Inuits qui vivent sur ces terres, les parcourent et s\u2019y rassemblent depuis des milliers d\u2019ann\u00e9es. Le Beaty Biodiversity Museum de l\u2019Universit\u00e9 de la Colombie-Britannique est situ\u00e9 sur le territoire ancestral &hellip; <a href=\"https:\/\/footprintsintime.ca\/fr\/information\/\">Continued<\/a><\/p>\n","protected":false},"author":1,"featured_media":0,"parent":0,"menu_order":0,"comment_status":"closed","ping_status":"closed","template":"","meta":{"_monsterinsights_skip_tracking":false,"_monsterinsights_sitenote_active":false,"_monsterinsights_sitenote_note":"","_monsterinsights_sitenote_category":0,"footnotes":""},"class_list":["post-368","page","type-page","status-publish","hentry"],"acf":[],"yoast_head":"<!-- This site is optimized with the Yoast SEO plugin v24.8.1 - https:\/\/yoast.com\/wordpress\/plugins\/seo\/ -->\n<title>Empreintes dans le temps - Information<\/title>\n<meta name=\"robots\" content=\"index, follow, max-snippet:-1, max-image-preview:large, max-video-preview:-1\" \/>\n<link rel=\"canonical\" href=\"https:\/\/footprintsintime.ca\/fr\/information\/\" \/>\n<meta property=\"og:locale\" content=\"fr_FR\" \/>\n<meta property=\"og:type\" content=\"article\" \/>\n<meta property=\"og:title\" content=\"Empreintes dans le temps - Information\" \/>\n<meta property=\"og:description\" content=\"Les fossiles de dinosaures se trouvent sur le territoire du Trait\u00e9 num\u00e9ro 8, et nous honorons et reconnaissons les Premi\u00e8res Nations, les M\u00e9tis et les Inuits qui vivent sur ces terres, les parcourent et s\u2019y rassemblent depuis des milliers d\u2019ann\u00e9es. Le Beaty Biodiversity Museum de l\u2019Universit\u00e9 de la Colombie-Britannique est situ\u00e9 sur le territoire ancestral &hellip; Continued\" \/>\n<meta property=\"og:url\" content=\"https:\/\/footprintsintime.ca\/fr\/information\/\" \/>\n<meta property=\"og:site_name\" content=\"Empreintes dans le temps\" \/>\n<meta property=\"article:modified_time\" content=\"2024-10-02T22:12:29+00:00\" \/>\n<meta property=\"og:image\" content=\"https:\/\/footprintsintime.ca\/wp-content\/uploads\/2022\/09\/cfg_logo_final.png\" \/>\n<meta name=\"twitter:card\" content=\"summary_large_image\" \/>\n<meta name=\"twitter:label1\" content=\"Est. reading time\" \/>\n\t<meta name=\"twitter:data1\" content=\"2 minutes\" \/>\n<script type=\"application\/ld+json\" class=\"yoast-schema-graph\">{\"@context\":\"https:\/\/schema.org\",\"@graph\":[{\"@type\":\"WebPage\",\"@id\":\"https:\/\/footprintsintime.ca\/fr\/information\/\",\"url\":\"https:\/\/footprintsintime.ca\/fr\/information\/\",\"name\":\"Empreintes dans le temps - Information\",\"isPartOf\":{\"@id\":\"https:\/\/footprintsintime.ca\/#website\"},\"primaryImageOfPage\":{\"@id\":\"https:\/\/footprintsintime.ca\/fr\/information\/#primaryimage\"},\"image\":{\"@id\":\"https:\/\/footprintsintime.ca\/fr\/information\/#primaryimage\"},\"thumbnailUrl\":\"https:\/\/footprintsintime.ca\/wp-content\/uploads\/2022\/09\/cfg_logo_final.png\",\"datePublished\":\"2022-03-09T07:05:16+00:00\",\"dateModified\":\"2024-10-02T22:12:29+00:00\",\"inLanguage\":\"fr-FR\",\"potentialAction\":[{\"@type\":\"ReadAction\",\"target\":[\"https:\/\/footprintsintime.ca\/fr\/information\/\"]}]},{\"@type\":\"ImageObject\",\"inLanguage\":\"fr-FR\",\"@id\":\"https:\/\/footprintsintime.ca\/fr\/information\/#primaryimage\",\"url\":\"https:\/\/footprintsintime.ca\/wp-content\/uploads\/2022\/09\/cfg_logo_final.png\",\"contentUrl\":\"https:\/\/footprintsintime.ca\/wp-content\/uploads\/2022\/09\/cfg_logo_final.png\"},{\"@type\":\"WebSite\",\"@id\":\"https:\/\/footprintsintime.ca\/#website\",\"url\":\"https:\/\/footprintsintime.ca\/\",\"name\":\"Empreintes dans le temps\",\"description\":\"Exploring prehistoric British Columbia\",\"potentialAction\":[{\"@type\":\"SearchAction\",\"target\":{\"@type\":\"EntryPoint\",\"urlTemplate\":\"https:\/\/footprintsintime.ca\/?s={search_term_string}\"},\"query-input\":{\"@type\":\"PropertyValueSpecification\",\"valueRequired\":true,\"valueName\":\"search_term_string\"}}],\"inLanguage\":\"fr-FR\"}]}<\/script>\n<!-- \/ Yoast SEO plugin. -->","yoast_head_json":{"title":"Empreintes dans le temps - Information","robots":{"index":"index","follow":"follow","max-snippet":"max-snippet:-1","max-image-preview":"max-image-preview:large","max-video-preview":"max-video-preview:-1"},"canonical":"https:\/\/footprintsintime.ca\/fr\/information\/","og_locale":"fr_FR","og_type":"article","og_title":"Empreintes dans le temps - Information","og_description":"Les fossiles de dinosaures se trouvent sur le territoire du Trait\u00e9 num\u00e9ro 8, et nous honorons et reconnaissons les Premi\u00e8res Nations, les M\u00e9tis et les Inuits qui vivent sur ces terres, les parcourent et s\u2019y rassemblent depuis des milliers d\u2019ann\u00e9es. Le Beaty Biodiversity Museum de l\u2019Universit\u00e9 de la Colombie-Britannique est situ\u00e9 sur le territoire ancestral &hellip; Continued","og_url":"https:\/\/footprintsintime.ca\/fr\/information\/","og_site_name":"Empreintes dans le temps","article_modified_time":"2024-10-02T22:12:29+00:00","og_image":[{"url":"https:\/\/footprintsintime.ca\/wp-content\/uploads\/2022\/09\/cfg_logo_final.png","type":"","width":"","height":""}],"twitter_card":"summary_large_image","twitter_misc":{"Est. reading time":"2 minutes"},"schema":{"@context":"https:\/\/schema.org","@graph":[{"@type":"WebPage","@id":"https:\/\/footprintsintime.ca\/fr\/information\/","url":"https:\/\/footprintsintime.ca\/fr\/information\/","name":"Empreintes dans le temps - Information","isPartOf":{"@id":"https:\/\/footprintsintime.ca\/#website"},"primaryImageOfPage":{"@id":"https:\/\/footprintsintime.ca\/fr\/information\/#primaryimage"},"image":{"@id":"https:\/\/footprintsintime.ca\/fr\/information\/#primaryimage"},"thumbnailUrl":"https:\/\/footprintsintime.ca\/wp-content\/uploads\/2022\/09\/cfg_logo_final.png","datePublished":"2022-03-09T07:05:16+00:00","dateModified":"2024-10-02T22:12:29+00:00","inLanguage":"fr-FR","potentialAction":[{"@type":"ReadAction","target":["https:\/\/footprintsintime.ca\/fr\/information\/"]}]},{"@type":"ImageObject","inLanguage":"fr-FR","@id":"https:\/\/footprintsintime.ca\/fr\/information\/#primaryimage","url":"https:\/\/footprintsintime.ca\/wp-content\/uploads\/2022\/09\/cfg_logo_final.png","contentUrl":"https:\/\/footprintsintime.ca\/wp-content\/uploads\/2022\/09\/cfg_logo_final.png"},{"@type":"WebSite","@id":"https:\/\/footprintsintime.ca\/#website","url":"https:\/\/footprintsintime.ca\/","name":"Empreintes dans le temps","description":"Exploring prehistoric British Columbia","potentialAction":[{"@type":"SearchAction","target":{"@type":"EntryPoint","urlTemplate":"https:\/\/footprintsintime.ca\/?s={search_term_string}"},"query-input":{"@type":"PropertyValueSpecification","valueRequired":true,"valueName":"search_term_string"}}],"inLanguage":"fr-FR"}]}},"_links":{"self":[{"href":"https:\/\/footprintsintime.ca\/fr\/wp-json\/wp\/v2\/pages\/368","targetHints":{"allow":["GET"]}}],"collection":[{"href":"https:\/\/footprintsintime.ca\/fr\/wp-json\/wp\/v2\/pages"}],"about":[{"href":"https:\/\/footprintsintime.ca\/fr\/wp-json\/wp\/v2\/types\/page"}],"author":[{"embeddable":true,"href":"https:\/\/footprintsintime.ca\/fr\/wp-json\/wp\/v2\/users\/1"}],"replies":[{"embeddable":true,"href":"https:\/\/footprintsintime.ca\/fr\/wp-json\/wp\/v2\/comments?post=368"}],"version-history":[{"count":18,"href":"https:\/\/footprintsintime.ca\/fr\/wp-json\/wp\/v2\/pages\/368\/revisions"}],"predecessor-version":[{"id":2029,"href":"https:\/\/footprintsintime.ca\/fr\/wp-json\/wp\/v2\/pages\/368\/revisions\/2029"}],"wp:attachment":[{"href":"https:\/\/footprintsintime.ca\/fr\/wp-json\/wp\/v2\/media?parent=368"}],"curies":[{"name":"wp","href":"https:\/\/api.w.org\/{rel}","templated":true}]}}