{"id":359,"date":"2021-11-07T23:43:28","date_gmt":"2021-11-07T23:43:28","guid":{"rendered":"https:\/\/footprintsintime.ca\/empreintes-dans-le-temps\/"},"modified":"2024-04-01T06:14:17","modified_gmt":"2024-04-01T06:14:17","slug":"empreintes-dans-le-temps","status":"publish","type":"page","link":"https:\/\/footprintsintime.ca\/fr\/","title":{"rendered":"Sur la piste des dinosaures en Colombie-Britannique"},"content":{"rendered":"","protected":false},"excerpt":{"rendered":"","protected":false},"author":1,"featured_media":0,"parent":0,"menu_order":0,"comment_status":"closed","ping_status":"closed","template":"views\/template.frontpage.blade.php","meta":{"_monsterinsights_skip_tracking":false,"_monsterinsights_sitenote_active":false,"_monsterinsights_sitenote_note":"","_monsterinsights_sitenote_category":0,"footnotes":""},"class_list":["post-359","page","type-page","status-publish","hentry"],"acf":[],"yoast_head":"<!-- This site is optimized with the Yoast SEO plugin v24.8.1 - https:\/\/yoast.com\/wordpress\/plugins\/seo\/ -->\n<title>Empreintes dans le temps - Sur la piste des dinosaures en Colombie-Britannique<\/title>\n<meta name=\"description\" content=\"D\u00e9couvrez de nouveaux fossiles d&#039;empreintes de dinosaures en Colombie-Britannique avec des pal\u00e9ontologues se rendant sur le terrain. D\u00e9couvrez des indices sur la vie pr\u00e9historique et le comportement des dinosaures \u00e0 partir des traces laiss\u00e9es dans les archives g\u00e9ologiques. Explorez des environnements, interagissez avec des mod\u00e8les 3D, contr\u00f4lez des animations de dinosaures, r\u00e9alisez des activit\u00e9s et r\u00e9pondez \u00e0 des questions sur la vie au Cr\u00e9tac\u00e9 et son lien avec la recherche actuelle. Une ressource pour les \u00e9ducateurs et tous les autres du Beaty Biodiversity Museum - Universit\u00e9 de la Colombie-Britannique, avec le soutien de Digital Museums Canada.\" \/>\n<meta name=\"robots\" content=\"index, follow, max-snippet:-1, max-image-preview:large, max-video-preview:-1\" \/>\n<link rel=\"canonical\" href=\"https:\/\/footprintsintime.ca\/fr\/\" \/>\n<meta property=\"og:locale\" content=\"fr_FR\" \/>\n<meta property=\"og:type\" content=\"article\" \/>\n<meta property=\"og:title\" content=\"Empreintes dans le temps - Sur la piste des dinosaures en Colombie-Britannique\" \/>\n<meta property=\"og:description\" content=\"D\u00e9couvrez de nouveaux fossiles d&#039;empreintes de dinosaures en Colombie-Britannique avec des pal\u00e9ontologues se rendant sur le terrain. D\u00e9couvrez des indices sur la vie pr\u00e9historique et le comportement des dinosaures \u00e0 partir des traces laiss\u00e9es dans les archives g\u00e9ologiques. Explorez des environnements, interagissez avec des mod\u00e8les 3D, contr\u00f4lez des animations de dinosaures, r\u00e9alisez des activit\u00e9s et r\u00e9pondez \u00e0 des questions sur la vie au Cr\u00e9tac\u00e9 et son lien avec la recherche actuelle. Une ressource pour les \u00e9ducateurs et tous les autres du Beaty Biodiversity Museum - Universit\u00e9 de la Colombie-Britannique, avec le soutien de Digital Museums Canada.\" \/>\n<meta property=\"og:url\" content=\"https:\/\/footprintsintime.ca\/fr\/\" \/>\n<meta property=\"og:site_name\" content=\"Empreintes dans le temps\" \/>\n<meta property=\"article:modified_time\" content=\"2024-04-01T06:14:17+00:00\" \/>\n<meta name=\"twitter:card\" content=\"summary_large_image\" \/>\n<script type=\"application\/ld+json\" class=\"yoast-schema-graph\">{\"@context\":\"https:\/\/schema.org\",\"@graph\":[{\"@type\":\"WebPage\",\"@id\":\"https:\/\/footprintsintime.ca\/fr\/\",\"url\":\"https:\/\/footprintsintime.ca\/fr\/\",\"name\":\"Empreintes dans le temps - Sur la piste des dinosaures en Colombie-Britannique\",\"isPartOf\":{\"@id\":\"https:\/\/footprintsintime.ca\/#website\"},\"datePublished\":\"2021-11-07T23:43:28+00:00\",\"dateModified\":\"2024-04-01T06:14:17+00:00\",\"description\":\"D\u00e9couvrez de nouveaux fossiles d'empreintes de dinosaures en Colombie-Britannique avec des pal\u00e9ontologues se rendant sur le terrain. D\u00e9couvrez des indices sur la vie pr\u00e9historique et le comportement des dinosaures \u00e0 partir des traces laiss\u00e9es dans les archives g\u00e9ologiques. Explorez des environnements, interagissez avec des mod\u00e8les 3D, contr\u00f4lez des animations de dinosaures, r\u00e9alisez des activit\u00e9s et r\u00e9pondez \u00e0 des questions sur la vie au Cr\u00e9tac\u00e9 et son lien avec la recherche actuelle. Une ressource pour les \u00e9ducateurs et tous les autres du Beaty Biodiversity Museum - Universit\u00e9 de la Colombie-Britannique, avec le soutien de Digital Museums Canada.\",\"inLanguage\":\"fr-FR\",\"potentialAction\":[{\"@type\":\"ReadAction\",\"target\":[\"https:\/\/footprintsintime.ca\/fr\/\"]}]},{\"@type\":\"WebSite\",\"@id\":\"https:\/\/footprintsintime.ca\/#website\",\"url\":\"https:\/\/footprintsintime.ca\/\",\"name\":\"Empreintes dans le temps\",\"description\":\"Exploring prehistoric British Columbia\",\"potentialAction\":[{\"@type\":\"SearchAction\",\"target\":{\"@type\":\"EntryPoint\",\"urlTemplate\":\"https:\/\/footprintsintime.ca\/?s={search_term_string}\"},\"query-input\":{\"@type\":\"PropertyValueSpecification\",\"valueRequired\":true,\"valueName\":\"search_term_string\"}}],\"inLanguage\":\"fr-FR\"}]}<\/script>\n<!-- \/ Yoast SEO plugin. -->","yoast_head_json":{"title":"Empreintes dans le temps - Sur la piste des dinosaures en Colombie-Britannique","description":"D\u00e9couvrez de nouveaux fossiles d'empreintes de dinosaures en Colombie-Britannique avec des pal\u00e9ontologues se rendant sur le terrain. D\u00e9couvrez des indices sur la vie pr\u00e9historique et le comportement des dinosaures \u00e0 partir des traces laiss\u00e9es dans les archives g\u00e9ologiques. Explorez des environnements, interagissez avec des mod\u00e8les 3D, contr\u00f4lez des animations de dinosaures, r\u00e9alisez des activit\u00e9s et r\u00e9pondez \u00e0 des questions sur la vie au Cr\u00e9tac\u00e9 et son lien avec la recherche actuelle. Une ressource pour les \u00e9ducateurs et tous les autres du Beaty Biodiversity Museum - Universit\u00e9 de la Colombie-Britannique, avec le soutien de Digital Museums Canada.","robots":{"index":"index","follow":"follow","max-snippet":"max-snippet:-1","max-image-preview":"max-image-preview:large","max-video-preview":"max-video-preview:-1"},"canonical":"https:\/\/footprintsintime.ca\/fr\/","og_locale":"fr_FR","og_type":"article","og_title":"Empreintes dans le temps - Sur la piste des dinosaures en Colombie-Britannique","og_description":"D\u00e9couvrez de nouveaux fossiles d'empreintes de dinosaures en Colombie-Britannique avec des pal\u00e9ontologues se rendant sur le terrain. D\u00e9couvrez des indices sur la vie pr\u00e9historique et le comportement des dinosaures \u00e0 partir des traces laiss\u00e9es dans les archives g\u00e9ologiques. Explorez des environnements, interagissez avec des mod\u00e8les 3D, contr\u00f4lez des animations de dinosaures, r\u00e9alisez des activit\u00e9s et r\u00e9pondez \u00e0 des questions sur la vie au Cr\u00e9tac\u00e9 et son lien avec la recherche actuelle. Une ressource pour les \u00e9ducateurs et tous les autres du Beaty Biodiversity Museum - Universit\u00e9 de la Colombie-Britannique, avec le soutien de Digital Museums Canada.","og_url":"https:\/\/footprintsintime.ca\/fr\/","og_site_name":"Empreintes dans le temps","article_modified_time":"2024-04-01T06:14:17+00:00","twitter_card":"summary_large_image","schema":{"@context":"https:\/\/schema.org","@graph":[{"@type":"WebPage","@id":"https:\/\/footprintsintime.ca\/fr\/","url":"https:\/\/footprintsintime.ca\/fr\/","name":"Empreintes dans le temps - Sur la piste des dinosaures en Colombie-Britannique","isPartOf":{"@id":"https:\/\/footprintsintime.ca\/#website"},"datePublished":"2021-11-07T23:43:28+00:00","dateModified":"2024-04-01T06:14:17+00:00","description":"D\u00e9couvrez de nouveaux fossiles d'empreintes de dinosaures en Colombie-Britannique avec des pal\u00e9ontologues se rendant sur le terrain. D\u00e9couvrez des indices sur la vie pr\u00e9historique et le comportement des dinosaures \u00e0 partir des traces laiss\u00e9es dans les archives g\u00e9ologiques. Explorez des environnements, interagissez avec des mod\u00e8les 3D, contr\u00f4lez des animations de dinosaures, r\u00e9alisez des activit\u00e9s et r\u00e9pondez \u00e0 des questions sur la vie au Cr\u00e9tac\u00e9 et son lien avec la recherche actuelle. Une ressource pour les \u00e9ducateurs et tous les autres du Beaty Biodiversity Museum - Universit\u00e9 de la Colombie-Britannique, avec le soutien de Digital Museums Canada.","inLanguage":"fr-FR","potentialAction":[{"@type":"ReadAction","target":["https:\/\/footprintsintime.ca\/fr\/"]}]},{"@type":"WebSite","@id":"https:\/\/footprintsintime.ca\/#website","url":"https:\/\/footprintsintime.ca\/","name":"Empreintes dans le temps","description":"Exploring prehistoric British Columbia","potentialAction":[{"@type":"SearchAction","target":{"@type":"EntryPoint","urlTemplate":"https:\/\/footprintsintime.ca\/?s={search_term_string}"},"query-input":{"@type":"PropertyValueSpecification","valueRequired":true,"valueName":"search_term_string"}}],"inLanguage":"fr-FR"}]}},"_links":{"self":[{"href":"https:\/\/footprintsintime.ca\/fr\/wp-json\/wp\/v2\/pages\/359","targetHints":{"allow":["GET"]}}],"collection":[{"href":"https:\/\/footprintsintime.ca\/fr\/wp-json\/wp\/v2\/pages"}],"about":[{"href":"https:\/\/footprintsintime.ca\/fr\/wp-json\/wp\/v2\/types\/page"}],"author":[{"embeddable":true,"href":"https:\/\/footprintsintime.ca\/fr\/wp-json\/wp\/v2\/users\/1"}],"replies":[{"embeddable":true,"href":"https:\/\/footprintsintime.ca\/fr\/wp-json\/wp\/v2\/comments?post=359"}],"version-history":[{"count":9,"href":"https:\/\/footprintsintime.ca\/fr\/wp-json\/wp\/v2\/pages\/359\/revisions"}],"predecessor-version":[{"id":1740,"href":"https:\/\/footprintsintime.ca\/fr\/wp-json\/wp\/v2\/pages\/359\/revisions\/1740"}],"wp:attachment":[{"href":"https:\/\/footprintsintime.ca\/fr\/wp-json\/wp\/v2\/media?parent=359"}],"curies":[{"name":"wp","href":"https:\/\/api.w.org\/{rel}","templated":true}]}}